{"id":24,"date":"2025-11-24T16:35:50","date_gmt":"2025-11-24T16:35:50","guid":{"rendered":"https:\/\/lcsibbosipoo.fi\/?page_id=24"},"modified":"2025-12-01T15:45:51","modified_gmt":"2025-12-01T13:45:51","slug":"hem","status":"publish","type":"page","link":"https:\/\/lcsibbosipoo.fi\/","title":{"rendered":"Hem"},"content":{"rendered":"\n<div class=\"wp-block-group alignfull has-background-color has-white-color has-text-color has-background has-link-color wp-elements-364cda6f6ffa21edc48008209ac98995 has-global-padding is-layout-constrained wp-container-core-group-is-layout-23b1a4dc wp-block-group-is-layout-constrained\" style=\"background-color:#001b94;padding-top:var(--wp--preset--spacing--30);padding-right:var(--wp--preset--spacing--30);padding-bottom:var(--wp--preset--spacing--30);padding-left:var(--wp--preset--spacing--30)\">\n<div class=\"wp-block-group alignwide is-content-justification-center is-layout-flex wp-container-core-group-is-layout-c124d1c4 wp-block-group-is-layout-flex\">\n<div class=\"wp-block-group is-layout-flex wp-block-group-is-layout-flex\">\n<figure class=\"wp-block-image is-resized\"><img loading=\"lazy\" decoding=\"async\" width=\"231\" height=\"218\" src=\"https:\/\/lcsibbosipoo.fi\/wp-content\/uploads\/2025\/11\/LionsClubSibboSipoo-tr.gif\" alt=\"\" class=\"wp-image-29\" style=\"width:158px;height:auto\"\/><\/figure>\n\n\n<h1 class=\"has-link-color wp-elements-f1e98d6c897e424c7d4e8232ded39f0a wp-block-site-title\"><a href=\"https:\/\/lcsibbosipoo.fi\" target=\"_self\" rel=\"home\">Lions Club Sibbo Sipoo<\/a><\/h1><\/div>\n<\/div>\n<\/div>\n\n\n<h5>Lions Clubs International \u00e4r v\u00e4rldens st\u00f6rsta serviceklubborganisation. Klubbens 1,4 miljoner medlemmar i mer \u00e4n 46 000 klubbar hj\u00e4lper samh\u00e4llen i cirka 200 l\u00e4nder och geografiska omr\u00e5den runt om i v\u00e4rlden.<\/h5>\n\n\n<hr class=\"wp-block-separator has-alpha-channel-opacity\"\/>\n\n\n<p><img loading=\"lazy\" decoding=\"async\" class=\"wp-image-50 alignleft\" src=\"https:\/\/lcsibbosipoo.fi\/wp-content\/uploads\/2025\/11\/LionsJoulukuuset-169x300.jpg\" alt=\"\" width=\"228\" height=\"405\" srcset=\"https:\/\/lcsibbosipoo.fi\/wp-content\/uploads\/2025\/11\/LionsJoulukuuset-169x300.jpg 169w, https:\/\/lcsibbosipoo.fi\/wp-content\/uploads\/2025\/11\/LionsJoulukuuset-577x1024.jpg 577w, https:\/\/lcsibbosipoo.fi\/wp-content\/uploads\/2025\/11\/LionsJoulukuuset-768x1362.jpg 768w, https:\/\/lcsibbosipoo.fi\/wp-content\/uploads\/2025\/11\/LionsJoulukuuset-866x1536.jpg 866w, https:\/\/lcsibbosipoo.fi\/wp-content\/uploads\/2025\/11\/LionsJoulukuuset.jpg 1080w\" sizes=\"auto, (max-width: 228px) 100vw, 228px\" \/><\/p>\n<p><strong>Vi s\u00e4ljer julgranar i \u00e5r igen vid S\u00f6derkulla S-Market.<\/strong><\/p>\n<p>Lions Club Sibbo-Sipoo<br \/>Hj\u00e4lp oss att hj\u00e4lpa<\/p>\n<p>Vi s\u00e4ljer julgranar vid S-Market i S\u00f6derkulla 18-23.12.2025 enligt f\u00f6ljande:<\/p>\n<p>Torsdag 18.12 kl. 14.00 \u2013 20.00<br \/>Fredag 19.12 kl. 14.00 \u2013 20.00<br \/>L\u00f6rdag 20.12 kl. 12.00 \u2013 20.00<br \/>S\u00f6ndag 21.12 kl. 12.00 \u2013 20.00<br \/>M\u00e5ndag 22.12 kl. 14.00 \u2013 20.00<br \/>Tisdag 23.12 kl. 14.00 \u2013 20.00<\/p>\n\n\n<hr class=\"wp-block-separator has-alpha-channel-opacity\"\/>\n\n\n<p><img loading=\"lazy\" decoding=\"async\" class=\"alignnone size-medium wp-image-48\" src=\"https:\/\/lcsibbosipoo.fi\/wp-content\/uploads\/2025\/11\/IMG_2228-300x225.jpg\" alt=\"\" width=\"300\" height=\"225\" srcset=\"https:\/\/lcsibbosipoo.fi\/wp-content\/uploads\/2025\/11\/IMG_2228-300x225.jpg 300w, https:\/\/lcsibbosipoo.fi\/wp-content\/uploads\/2025\/11\/IMG_2228-1024x768.jpg 1024w, https:\/\/lcsibbosipoo.fi\/wp-content\/uploads\/2025\/11\/IMG_2228-768x576.jpg 768w, https:\/\/lcsibbosipoo.fi\/wp-content\/uploads\/2025\/11\/IMG_2228-1536x1152.jpg 1536w, https:\/\/lcsibbosipoo.fi\/wp-content\/uploads\/2025\/11\/IMG_2228-2048x1536.jpg 2048w\" sizes=\"auto, (max-width: 300px) 100vw, 300px\" \/><\/p>\n<p>HJ\u00c4LP OSS ATT HJ\u00c4LPA &#8211; AUTA MEIT\u00c4 AUTTAMAAN<\/p>\n<p>Genom att k\u00f6pa den nya Sibbo-vimpeln av oss (pris 60\u20ac ) donerar ni samtidigt hela summan till de n\u00f6dst\u00e4llda. Vi hj\u00e4lper \u00e5ldringar, ungdomar, familjer som har det sv\u00e5rt och dessutom hj\u00e4lper vi genom v\u00e5r internationella f\u00f6rening (Lions International) n\u00f6dst\u00e4llda \u00f6ver hela v\u00e4rlden.<\/p>\n<p>Sibbo nya husbondevimpel &#8211; Sipoon uusi is\u00e4nn\u00e4n viiri<\/p>\n<p>Pris \/Hinta : 60 \u20ac <br \/>Best\u00e4ll \/ Tilaa : order@lcsibbosipoo.fi <br \/>eller mobil 044 9747 265 \/ Sam Serenius<\/p>\n\n\n<hr class=\"wp-block-separator has-alpha-channel-opacity\"\/>\n\n\n<p><img loading=\"lazy\" decoding=\"async\" class=\"alignnone wp-image-56\" src=\"https:\/\/lcsibbosipoo.fi\/wp-content\/uploads\/2025\/11\/k2-1024x631.jpg\" alt=\"\" width=\"600\" height=\"370\" srcset=\"https:\/\/lcsibbosipoo.fi\/wp-content\/uploads\/2025\/11\/k2-1024x631.jpg 1024w, https:\/\/lcsibbosipoo.fi\/wp-content\/uploads\/2025\/11\/k2-300x185.jpg 300w, https:\/\/lcsibbosipoo.fi\/wp-content\/uploads\/2025\/11\/k2-768x473.jpg 768w, https:\/\/lcsibbosipoo.fi\/wp-content\/uploads\/2025\/11\/k2.jpg 1157w\" sizes=\"auto, (max-width: 600px) 100vw, 600px\" \/><img loading=\"lazy\" decoding=\"async\" class=\"alignnone size-full wp-image-20\" src=\"https:\/\/lcsibbosipoo.fi\/wp-content\/uploads\/2025\/11\/WhatsApp-Image-2025-11-22-at-15.23.52_c0a58845.jpg\" alt=\"\" width=\"600\" height=\"450\" srcset=\"https:\/\/lcsibbosipoo.fi\/wp-content\/uploads\/2025\/11\/WhatsApp-Image-2025-11-22-at-15.23.52_c0a58845.jpg 600w, https:\/\/lcsibbosipoo.fi\/wp-content\/uploads\/2025\/11\/WhatsApp-Image-2025-11-22-at-15.23.52_c0a58845-300x225.jpg 300w\" sizes=\"auto, (max-width: 600px) 100vw, 600px\" \/><\/p>\n<p>Lions Club Sibbo Sipoo deltar aktivt i att hj\u00e4lpa de mest n\u00f6dst\u00e4llda familjerna i bygden, bl a genom att delta i olika kampanjer. Bilden \u00e4r fr\u00e5n &#8220;Hj\u00e4lp barn &#8211; Hj\u00e4lp familj&#8221;-kampanjen . Resultatet \u00f6vertr\u00e4ffade alla f\u00f6rv\u00e4ntningar och saldot blev \u00e5tta hela k\u00f6pvagnar fyllda till bredden som kan delas ut till de mindre bemedlade familjerna i Sibbo. Sibbo Lions tackar alla Sibbobor f\u00f6r deras vilja att hj\u00e4lpa oss att hj\u00e4lpa!<\/p>\n<p>M\u00e5lgrupper f\u00f6r hj\u00e4lpverksamhet och underst\u00f6d: \u00c5ldringsv\u00e5rd, barn och ungdom, n\u00f6dst\u00e4llda familjer, internationellt ungdomsutbyte, Lions Quest (kamp mot narkotika), R\u00f6da Korset m.fl<\/p>\n\n\n<hr class=\"wp-block-separator has-alpha-channel-opacity\"\/>\n\n\n<p><img loading=\"lazy\" decoding=\"async\" class=\"alignnone wp-image-21\" src=\"https:\/\/lcsibbosipoo.fi\/wp-content\/uploads\/2025\/11\/WhatsApp-Image-2025-11-22-at-15.25.19_e464b345-768x1024.jpg\" alt=\"\" width=\"600\" height=\"800\" srcset=\"https:\/\/lcsibbosipoo.fi\/wp-content\/uploads\/2025\/11\/WhatsApp-Image-2025-11-22-at-15.25.19_e464b345-768x1024.jpg 768w, https:\/\/lcsibbosipoo.fi\/wp-content\/uploads\/2025\/11\/WhatsApp-Image-2025-11-22-at-15.25.19_e464b345-225x300.jpg 225w, https:\/\/lcsibbosipoo.fi\/wp-content\/uploads\/2025\/11\/WhatsApp-Image-2025-11-22-at-15.25.19_e464b345-1152x1536.jpg 1152w, https:\/\/lcsibbosipoo.fi\/wp-content\/uploads\/2025\/11\/WhatsApp-Image-2025-11-22-at-15.25.19_e464b345.jpg 1536w\" sizes=\"auto, (max-width: 600px) 100vw, 600px\" \/><\/p>\n<p>Reflexv\u00e4star delades ut till alla ettor i Sibbo Lions Club Sibbo-Sipoo delade f\u00f6r 19:e g\u00e5ngen ut reflexv\u00e4star till alla ettor i sibboskolorna. Denna g\u00e5ng bes\u00f6kte lionsklubben Boxby skola i Box, d\u00e4r rektor Anna-Karin Brunberg och l\u00e4raren Rita Sandvik tog emot klubbens representanter Kjell Wikstr\u00f6m och Hans-Eric Christiansson den 3 oktober 2022.<br \/>Skolan har \u00e5tta ettor som alla personligen fick ta emot sina v\u00e4star. De andra lionsreflexv\u00e4starna distribueras av Sibbo kommun till de \u00f6vriga ettorna i kommunen.<br \/>Under bes\u00f6ket po\u00e4ngterades hur viktigt det \u00e4r att synas i h\u00f6stm\u00f6rkret och att det likav\u00e4l g\u00e4ller vuxna.<br \/>Lionsklubben donerade en Sibbovimpel till skolan och klubbens representanter ber\u00e4ttade om det v\u00e4lg\u00f6renhetsarbete som lionsklubbarna g\u00f6r och att det finns tre klubbar i Sibbo.<br \/>Till lionstraditionerna f\u00f6r Lions Club Sibbo-Sipoo h\u00f6r ocks\u00e5 insamlingen \u201dHj\u00e4lp Barnet-Hj\u00e4lp familjen\u201d som h\u00e5lls i november i en lokal aff\u00e4r i Nickby. Den g\u00e5r ut p\u00e5 att butiksbes\u00f6karna k\u00f6per en extra vara som l\u00e4ggs i en k\u00f6pvagn. Sibbo kommun ser sedan till att de insamlade varorna f\u00f6rs vidare till beh\u00f6vande familjer i kommunen. <br \/>Klubbens viktigaste inkomstk\u00e4lla f\u00f6r att f\u00e5 pengar att dela ut till v\u00e4lg\u00f6renhet och bland annat skolstipendier \u00e4r den m\u00e5ng\u00e5riga traditionen av julgransf\u00f6rs\u00e4ljning i december i Nickby och S\u00f6derkulla.<\/p>\n\n\n<hr class=\"wp-block-separator has-alpha-channel-opacity\"\/>\n\n\n<p><a href=\"https:\/\/www.facebook.com\/LionsClubSibboSipoo\"><img loading=\"lazy\" decoding=\"async\" class=\"alignnone wp-image-61 size-thumbnail\" src=\"https:\/\/lcsibbosipoo.fi\/wp-content\/uploads\/2025\/11\/Facebook-Logo-1-150x150.gif\" alt=\"\" width=\"150\" height=\"150\" srcset=\"https:\/\/lcsibbosipoo.fi\/wp-content\/uploads\/2025\/11\/Facebook-Logo-1-150x150.gif 150w, https:\/\/lcsibbosipoo.fi\/wp-content\/uploads\/2025\/11\/Facebook-Logo-1-300x300.gif 300w, https:\/\/lcsibbosipoo.fi\/wp-content\/uploads\/2025\/11\/Facebook-Logo-1-1024x1022.gif 1024w, https:\/\/lcsibbosipoo.fi\/wp-content\/uploads\/2025\/11\/Facebook-Logo-1-768x766.gif 768w\" sizes=\"auto, (max-width: 150px) 100vw, 150px\" \/><\/a> <a href=\"https:\/\/wa.me\/358449747265\"><img loading=\"lazy\" decoding=\"async\" class=\"alignnone wp-image-60 size-thumbnail\" src=\"https:\/\/lcsibbosipoo.fi\/wp-content\/uploads\/2025\/11\/wathsapp-logo-150x150.gif\" alt=\"\" width=\"150\" height=\"150\" srcset=\"https:\/\/lcsibbosipoo.fi\/wp-content\/uploads\/2025\/11\/wathsapp-logo-150x150.gif 150w, https:\/\/lcsibbosipoo.fi\/wp-content\/uploads\/2025\/11\/wathsapp-logo-298x300.gif 298w\" sizes=\"auto, (max-width: 150px) 100vw, 150px\" \/><\/a><\/p>\n\n\n<p><\/p>\n","protected":false},"excerpt":{"rendered":"<p>Lions Clubs International \u00e4r v\u00e4rldens st\u00f6rsta serviceklubborganisation. Klubbens 1,4 miljoner medlemmar i mer \u00e4n 46 000 klubbar hj\u00e4lper samh\u00e4llen i cirka 200 l\u00e4nder och geografiska omr\u00e5den runt om i v\u00e4rlden. Vi s\u00e4ljer julgranar i \u00e5r igen vid S\u00f6derkulla S-Market. Lions Club Sibbo-SipooHj\u00e4lp oss att hj\u00e4lpa Vi s\u00e4ljer julgranar vid S-Market i S\u00f6derkulla 18-23.12.2025 enligt f\u00f6ljande: [&hellip;]<\/p>\n","protected":false},"author":1,"featured_media":0,"parent":0,"menu_order":0,"comment_status":"closed","ping_status":"closed","template":"","meta":{"footnotes":""},"class_list":["post-24","page","type-page","status-publish","hentry"],"_links":{"self":[{"href":"https:\/\/lcsibbosipoo.fi\/index.php?rest_route=\/wp\/v2\/pages\/24","targetHints":{"allow":["GET"]}}],"collection":[{"href":"https:\/\/lcsibbosipoo.fi\/index.php?rest_route=\/wp\/v2\/pages"}],"about":[{"href":"https:\/\/lcsibbosipoo.fi\/index.php?rest_route=\/wp\/v2\/types\/page"}],"author":[{"embeddable":true,"href":"https:\/\/lcsibbosipoo.fi\/index.php?rest_route=\/wp\/v2\/users\/1"}],"replies":[{"embeddable":true,"href":"https:\/\/lcsibbosipoo.fi\/index.php?rest_route=%2Fwp%2Fv2%2Fcomments&post=24"}],"version-history":[{"count":20,"href":"https:\/\/lcsibbosipoo.fi\/index.php?rest_route=\/wp\/v2\/pages\/24\/revisions"}],"predecessor-version":[{"id":65,"href":"https:\/\/lcsibbosipoo.fi\/index.php?rest_route=\/wp\/v2\/pages\/24\/revisions\/65"}],"wp:attachment":[{"href":"https:\/\/lcsibbosipoo.fi\/index.php?rest_route=%2Fwp%2Fv2%2Fmedia&parent=24"}],"curies":[{"name":"wp","href":"https:\/\/api.w.org\/{rel}","templated":true}]}}